{"id":63,"date":"2025-05-15T17:04:13","date_gmt":"2025-05-15T15:04:13","guid":{"rendered":"https:\/\/institute-of-remote-perception.com\/?page_id=63"},"modified":"2026-04-08T16:55:17","modified_gmt":"2026-04-08T14:55:17","slug":"mission","status":"publish","type":"page","link":"https:\/\/institute-of-remote-perception.com\/en\/mission","title":{"rendered":"Mission"},"content":{"rendered":"<div data-elementor-type=\"wp-page\" data-elementor-id=\"63\" class=\"elementor elementor-63\">\n\t\t\t\t<div class=\"elementor-element elementor-element-75fc6858 e-flex e-con-boxed e-con e-parent\" data-id=\"75fc6858\" data-element_type=\"container\" data-e-type=\"container\" data-settings=\"{&quot;background_background&quot;:&quot;classic&quot;}\">\n\t\t\t\t\t<div class=\"e-con-inner\">\n\t\t<div class=\"elementor-element elementor-element-6aa0f7ba e-con-full e-flex e-con e-child\" data-id=\"6aa0f7ba\" data-element_type=\"container\" data-e-type=\"container\">\n\t\t\t\t<div class=\"elementor-element elementor-element-647599dd elementor-hidden-tablet elementor-hidden-mobile elementor-widget elementor-widget-spacer\" data-id=\"647599dd\" data-element_type=\"widget\" data-e-type=\"widget\" data-widget_type=\"spacer.default\">\n\t\t\t\t<div class=\"elementor-widget-container\">\n\t\t\t\t\t\t\t<div class=\"elementor-spacer\">\n\t\t\t<div class=\"elementor-spacer-inner\"><\/div>\n\t\t<\/div>\n\t\t\t\t\t\t<\/div>\n\t\t\t\t<\/div>\n\t\t\t\t<\/div>\n\t\t\t\t\t<\/div>\n\t\t\t\t<\/div>\n\t\t<div class=\"elementor-element elementor-element-d5d1794 e-flex e-con-boxed e-con e-parent\" data-id=\"d5d1794\" data-element_type=\"container\" data-e-type=\"container\" data-settings=\"{&quot;background_background&quot;:&quot;classic&quot;}\">\n\t\t\t\t\t<div class=\"e-con-inner\">\n\t\t<div class=\"elementor-element elementor-element-617acd69 e-con-full e-flex e-con e-child\" data-id=\"617acd69\" data-element_type=\"container\" data-e-type=\"container\">\n\t\t\t\t<div class=\"elementor-element elementor-element-116984a elementor-widget elementor-widget-text-editor\" data-id=\"116984a\" data-element_type=\"widget\" data-e-type=\"widget\" data-widget_type=\"text-editor.default\">\n\t\t\t\t<div class=\"elementor-widget-container\">\n\t\t\t\t\t\t\t\t\t<p>\u201cIn silence, one hears the voice of intuition. It whispers, yet it knows the way. Deep within one\u2019s being, a strength unfolds that requires no outer affirmation. From this inner wellspring arise clarity, peace, and the quiet trust of simply being.\u201d<\/p><p>Alexander Fiddike<\/p>\t\t\t\t\t\t\t\t<\/div>\n\t\t\t\t<\/div>\n\t\t\t\t<div class=\"elementor-element elementor-element-d85a7ac elementor-widget elementor-widget-spacer\" data-id=\"d85a7ac\" data-element_type=\"widget\" data-e-type=\"widget\" data-widget_type=\"spacer.default\">\n\t\t\t\t<div class=\"elementor-widget-container\">\n\t\t\t\t\t\t\t<div class=\"elementor-spacer\">\n\t\t\t<div class=\"elementor-spacer-inner\"><\/div>\n\t\t<\/div>\n\t\t\t\t\t\t<\/div>\n\t\t\t\t<\/div>\n\t\t\t\t<div class=\"elementor-element elementor-element-e6d369a elementor-widget elementor-widget-text-editor\" data-id=\"e6d369a\" data-element_type=\"widget\" data-e-type=\"widget\" data-widget_type=\"text-editor.default\">\n\t\t\t\t<div class=\"elementor-widget-container\">\n\t\t\t\t\t\t\t\t\t<p>Every human being is born with abilities whose functioning is still not officially explainable or often not even recognized. The ability to perceive things or events without knowing what they are. The thought of a person suddenly calling or standing in front of the door, a good or bad gut feeling before an important decision, a sudden fear, or the feeling of being watched. Some people have prophetic dreams or visions, not to mention telepathy. Extrasensory perception often falls under spirituality or magic. Basically, these are terms for things and connections that are not yet understood by science.<\/p><p>All of this is a natural part of being human, but it is usually ridiculed, dismissed, ignored, or denied. These are important senses of every human being that contribute enormously to our development, to advancing our evolution, and to taking humanity to a new level.<\/p><p>This is where the Institute comes in. With a focus on Remote Viewing, the Institute also addresses other topics such as telepathy, channeling, near-death experiences, intuition, out-of-body experiences and much more. It is intended to promote further research, dissemination, awareness, and acceptance of these natural abilities, as well the training of these abilities, thus creating a connection between science and spirituality. People often do not dare to talk about their abilities or experiences. This is where the Institute creates a community and a sense of belonging. Through public relations work and training, the circle of those who engage with the topic of additional human senses will grow, accept them, and learn to use them responsibly.<\/p>\t\t\t\t\t\t\t\t<\/div>\n\t\t\t\t<\/div>\n\t\t\t\t<\/div>\n\t\t\t\t\t<\/div>\n\t\t\t\t<\/div>\n\t\t<div class=\"elementor-element elementor-element-2ef718c6 e-flex e-con-boxed e-con e-parent\" data-id=\"2ef718c6\" data-element_type=\"container\" data-e-type=\"container\" data-settings=\"{&quot;background_background&quot;:&quot;classic&quot;}\">\n\t\t\t\t\t<div class=\"e-con-inner\">\n\t\t<div class=\"elementor-element elementor-element-66abea92 e-con-full e-flex e-con e-child\" data-id=\"66abea92\" data-element_type=\"container\" data-e-type=\"container\">\n\t\t\t\t<div class=\"elementor-element elementor-element-edc8278 elementor-widget elementor-widget-spacer\" data-id=\"edc8278\" data-element_type=\"widget\" data-e-type=\"widget\" data-widget_type=\"spacer.default\">\n\t\t\t\t<div class=\"elementor-widget-container\">\n\t\t\t\t\t\t\t<div class=\"elementor-spacer\">\n\t\t\t<div class=\"elementor-spacer-inner\"><\/div>\n\t\t<\/div>\n\t\t\t\t\t\t<\/div>\n\t\t\t\t<\/div>\n\t\t\t\t<div class=\"elementor-element elementor-element-91daa23 elementor-widget elementor-widget-image\" data-id=\"91daa23\" data-element_type=\"widget\" data-e-type=\"widget\" data-widget_type=\"image.default\">\n\t\t\t\t<div class=\"elementor-widget-container\">\n\t\t\t\t\t\t\t\t\t\t\t\t\t\t\t<img fetchpriority=\"high\" decoding=\"async\" width=\"316\" height=\"241\" src=\"https:\/\/institute-of-remote-perception.com\/wp-content\/uploads\/2025\/06\/Profilbild-Alex.jpeg\" class=\"attachment-large size-large wp-image-225\" alt=\"Alexander Fiddike\" srcset=\"https:\/\/institute-of-remote-perception.com\/wp-content\/uploads\/2025\/06\/Profilbild-Alex.jpeg 316w, https:\/\/institute-of-remote-perception.com\/wp-content\/uploads\/2025\/06\/Profilbild-Alex-300x229.jpeg 300w, https:\/\/institute-of-remote-perception.com\/wp-content\/uploads\/2025\/06\/Profilbild-Alex-16x12.jpeg 16w\" sizes=\"(max-width: 316px) 100vw, 316px\" \/>\t\t\t\t\t\t\t\t\t\t\t\t\t\t\t<\/div>\n\t\t\t\t<\/div>\n\t\t\t\t<div class=\"elementor-element elementor-element-9ef5723 elementor-widget elementor-widget-spacer\" data-id=\"9ef5723\" data-element_type=\"widget\" data-e-type=\"widget\" data-widget_type=\"spacer.default\">\n\t\t\t\t<div class=\"elementor-widget-container\">\n\t\t\t\t\t\t\t<div class=\"elementor-spacer\">\n\t\t\t<div class=\"elementor-spacer-inner\"><\/div>\n\t\t<\/div>\n\t\t\t\t\t\t<\/div>\n\t\t\t\t<\/div>\n\t\t\t\t<div class=\"elementor-element elementor-element-08eb1ee elementor-widget elementor-widget-text-editor\" data-id=\"08eb1ee\" data-element_type=\"widget\" data-e-type=\"widget\" data-widget_type=\"text-editor.default\">\n\t\t\t\t<div class=\"elementor-widget-container\">\n\t\t\t\t\t\t\t\t\t<p>Alexander Fiddike, founder of the Institute of Remote Perception, is a German remote viewer, long-time out-of-body practitioner, and graduate engineer. For many years, Alexander Fiddike worked in his own engineering office and later as a project engineer, site manager, trainer, lecturer, and coordinator. Alexander Fiddike is the founder and director of the Institute of Remote Perception and a member of the International Remote Viewing Association.<\/p><p>He first encountered remote viewing in 2010 and his interest was immediately sparked, as he could already look back on many personal experiences in the field of extrasensory perception and other intuitive impressions. He gained an overview of the various existing remote-viewing methods and was later given the opportunity to be trained in Controlled Remote Viewing by the former PSI spy and member of the US Army`s Star-Gate program, Major (Ret.) Paul H. Smith.<\/p><p>\u201cExtra-sensory experiences have been a part of my entire life. Especially in my younger years, it was sometimes not easy to deal with them - you begin to question whether what you experienced was real. But whom do you ask? Who do you talk to about it? Who will listen without judging you? The answer was always sobering. This makes me all the more pleased to see how society is changing in many ways. More and more people are engaging with topics such as higher consciousness and their own spiritual development, or are at least willing to talk about them with relatively little prejudice. Nowadays, people are often no longer automatically stigmatized and ostracized.<\/p><p>I would like to see a world in which topics such as extrasensory  perception, seriously considered intuition, or subjects with an energetic background are part of general education and everyday life in society. However, there is still a long way to go. I am therefor very grateful not only to walk this path, but also to help shape it with my own experiences and learned techniques, to pass on my knowledge, and to give others the support that I myself once lacked.\u201d<\/p>\t\t\t\t\t\t\t\t<\/div>\n\t\t\t\t<\/div>\n\t\t\t\t<div class=\"elementor-element elementor-element-4c7c064f elementor-hidden-tablet elementor-hidden-mobile elementor-widget elementor-widget-spacer\" data-id=\"4c7c064f\" data-element_type=\"widget\" data-e-type=\"widget\" data-widget_type=\"spacer.default\">\n\t\t\t\t<div class=\"elementor-widget-container\">\n\t\t\t\t\t\t\t<div class=\"elementor-spacer\">\n\t\t\t<div class=\"elementor-spacer-inner\"><\/div>\n\t\t<\/div>\n\t\t\t\t\t\t<\/div>\n\t\t\t\t<\/div>\n\t\t\t\t<\/div>\n\t\t\t\t\t<\/div>\n\t\t\t\t<\/div>\n\t\t\t\t<\/div>","protected":false},"excerpt":{"rendered":"<p>\u201eWer in Stille lauscht, h\u00f6rt die Stimme der Intuition. Sie spricht leise, aber sie kennt den Weg. In der Tiefe des eigenen Seins w\u00e4chst die Kraft, die keine \u00e4u\u00dfere Best\u00e4tigung braucht. Aus dieser inneren Quelle flie\u00dft Klarheit, Frieden und das Vertrauen, einfach\u00a0zu\u00a0sein.\u201c Alexander Fiddike Jeder Mensch wird mit F\u00e4higkeiten geboren, deren Funktionsweise bis heute offiziell [&hellip;]<\/p>\n","protected":false},"author":1,"featured_media":0,"parent":0,"menu_order":0,"comment_status":"closed","ping_status":"closed","template":"","meta":{"ocean_post_layout":"full-screen","ocean_both_sidebars_style":"","ocean_both_sidebars_content_width":0,"ocean_both_sidebars_sidebars_width":0,"ocean_sidebar":"","ocean_second_sidebar":"","ocean_disable_margins":"enable","ocean_add_body_class":"","ocean_shortcode_before_top_bar":"","ocean_shortcode_after_top_bar":"","ocean_shortcode_before_header":"","ocean_shortcode_after_header":"","ocean_has_shortcode":"","ocean_shortcode_after_title":"","ocean_shortcode_before_footer_widgets":"","ocean_shortcode_after_footer_widgets":"","ocean_shortcode_before_footer_bottom":"","ocean_shortcode_after_footer_bottom":"","ocean_display_top_bar":"off","ocean_display_header":"default","ocean_header_style":"","ocean_center_header_left_menu":"","ocean_custom_header_template":"","ocean_custom_logo":0,"ocean_custom_retina_logo":0,"ocean_custom_logo_max_width":0,"ocean_custom_logo_tablet_max_width":0,"ocean_custom_logo_mobile_max_width":0,"ocean_custom_logo_max_height":0,"ocean_custom_logo_tablet_max_height":0,"ocean_custom_logo_mobile_max_height":0,"ocean_header_custom_menu":"","ocean_menu_typo_font_family":"","ocean_menu_typo_font_subset":"","ocean_menu_typo_font_size":0,"ocean_menu_typo_font_size_tablet":0,"ocean_menu_typo_font_size_mobile":0,"ocean_menu_typo_font_size_unit":"px","ocean_menu_typo_font_weight":"","ocean_menu_typo_font_weight_tablet":"","ocean_menu_typo_font_weight_mobile":"","ocean_menu_typo_transform":"","ocean_menu_typo_transform_tablet":"","ocean_menu_typo_transform_mobile":"","ocean_menu_typo_line_height":0,"ocean_menu_typo_line_height_tablet":0,"ocean_menu_typo_line_height_mobile":0,"ocean_menu_typo_line_height_unit":"","ocean_menu_typo_spacing":0,"ocean_menu_typo_spacing_tablet":0,"ocean_menu_typo_spacing_mobile":0,"ocean_menu_typo_spacing_unit":"","ocean_menu_link_color":"","ocean_menu_link_color_hover":"","ocean_menu_link_color_active":"","ocean_menu_link_background":"","ocean_menu_link_hover_background":"","ocean_menu_link_active_background":"","ocean_menu_social_links_bg":"","ocean_menu_social_hover_links_bg":"","ocean_menu_social_links_color":"","ocean_menu_social_hover_links_color":"","ocean_disable_title":"on","ocean_disable_heading":"default","ocean_post_title":"","ocean_post_subheading":"","ocean_post_title_style":"","ocean_post_title_background_color":"","ocean_post_title_background":0,"ocean_post_title_bg_image_position":"","ocean_post_title_bg_image_attachment":"","ocean_post_title_bg_image_repeat":"","ocean_post_title_bg_image_size":"","ocean_post_title_height":0,"ocean_post_title_bg_overlay":0.5,"ocean_post_title_bg_overlay_color":"","ocean_disable_breadcrumbs":"default","ocean_breadcrumbs_color":"","ocean_breadcrumbs_separator_color":"","ocean_breadcrumbs_links_color":"","ocean_breadcrumbs_links_hover_color":"","ocean_display_footer_widgets":"off","ocean_display_footer_bottom":"off","ocean_custom_footer_template":"","footnotes":""},"class_list":["post-63","page","type-page","status-publish","hentry","entry"],"_links":{"self":[{"href":"https:\/\/institute-of-remote-perception.com\/en\/wp-json\/wp\/v2\/pages\/63","targetHints":{"allow":["GET"]}}],"collection":[{"href":"https:\/\/institute-of-remote-perception.com\/en\/wp-json\/wp\/v2\/pages"}],"about":[{"href":"https:\/\/institute-of-remote-perception.com\/en\/wp-json\/wp\/v2\/types\/page"}],"author":[{"embeddable":true,"href":"https:\/\/institute-of-remote-perception.com\/en\/wp-json\/wp\/v2\/users\/1"}],"replies":[{"embeddable":true,"href":"https:\/\/institute-of-remote-perception.com\/en\/wp-json\/wp\/v2\/comments?post=63"}],"version-history":[{"count":10,"href":"https:\/\/institute-of-remote-perception.com\/en\/wp-json\/wp\/v2\/pages\/63\/revisions"}],"predecessor-version":[{"id":807,"href":"https:\/\/institute-of-remote-perception.com\/en\/wp-json\/wp\/v2\/pages\/63\/revisions\/807"}],"wp:attachment":[{"href":"https:\/\/institute-of-remote-perception.com\/en\/wp-json\/wp\/v2\/media?parent=63"}],"curies":[{"name":"wp","href":"https:\/\/api.w.org\/{rel}","templated":true}]}}