{"id":607,"date":"2025-10-27T15:39:37","date_gmt":"2025-10-27T14:39:37","guid":{"rendered":"https:\/\/institute-of-remote-perception.com\/?page_id=607"},"modified":"2026-04-08T17:05:18","modified_gmt":"2026-04-08T15:05:18","slug":"videos","status":"publish","type":"page","link":"https:\/\/institute-of-remote-perception.com\/en\/videos","title":{"rendered":"Videos"},"content":{"rendered":"<div data-elementor-type=\"wp-page\" data-elementor-id=\"607\" class=\"elementor elementor-607\">\n\t\t\t\t<div class=\"elementor-element elementor-element-452739b8 e-flex e-con-boxed e-con e-parent\" data-id=\"452739b8\" data-element_type=\"container\" data-e-type=\"container\" data-settings=\"{&quot;background_background&quot;:&quot;classic&quot;}\">\n\t\t\t\t\t<div class=\"e-con-inner\">\n\t\t<div class=\"elementor-element elementor-element-639ece54 e-con-full e-flex e-con e-child\" data-id=\"639ece54\" data-element_type=\"container\" data-e-type=\"container\">\n\t\t\t\t<div class=\"elementor-element elementor-element-39a673a6 elementor-widget elementor-widget-spacer\" data-id=\"39a673a6\" data-element_type=\"widget\" data-e-type=\"widget\" data-widget_type=\"spacer.default\">\n\t\t\t\t<div class=\"elementor-widget-container\">\n\t\t\t\t\t\t\t<div class=\"elementor-spacer\">\n\t\t\t<div class=\"elementor-spacer-inner\"><\/div>\n\t\t<\/div>\n\t\t\t\t\t\t<\/div>\n\t\t\t\t<\/div>\n\t\t\t\t<\/div>\n\t\t\t\t\t<\/div>\n\t\t\t\t<\/div>\n\t\t<div class=\"elementor-element elementor-element-1c6e0b1a elementor-hidden-desktop elementor-hidden-tablet e-flex e-con-boxed e-con e-parent\" data-id=\"1c6e0b1a\" data-element_type=\"container\" data-e-type=\"container\" data-settings=\"{&quot;background_background&quot;:&quot;classic&quot;}\">\n\t\t\t\t\t<div class=\"e-con-inner\">\n\t\t<div class=\"elementor-element elementor-element-4f29e85 e-con-full e-flex e-con e-child\" data-id=\"4f29e85\" data-element_type=\"container\" data-e-type=\"container\">\n\t\t<div class=\"elementor-element elementor-element-6e7b932 e-con-full e-flex e-con e-child\" data-id=\"6e7b932\" data-element_type=\"container\" data-e-type=\"container\">\n\t\t\t\t<div class=\"elementor-element elementor-element-fcb723e elementor-align-center elementor-widget elementor-widget-button\" data-id=\"fcb723e\" data-element_type=\"widget\" data-e-type=\"widget\" data-widget_type=\"button.default\">\n\t\t\t\t<div class=\"elementor-widget-container\">\n\t\t\t\t\t\t\t\t\t<div class=\"elementor-button-wrapper\">\n\t\t\t\t\t<a class=\"elementor-button elementor-button-link elementor-size-sm\" href=\"#deutsch\">\n\t\t\t\t\t\t<span class=\"elementor-button-content-wrapper\">\n\t\t\t\t\t\t\t\t\t<span class=\"elementor-button-text\">German<\/span>\n\t\t\t\t\t<\/span>\n\t\t\t\t\t<\/a>\n\t\t\t\t<\/div>\n\t\t\t\t\t\t\t\t<\/div>\n\t\t\t\t<\/div>\n\t\t\t\t<\/div>\n\t\t<div class=\"elementor-element elementor-element-a03cfce e-con-full e-flex e-con e-child\" data-id=\"a03cfce\" data-element_type=\"container\" data-e-type=\"container\">\n\t\t\t\t<div class=\"elementor-element elementor-element-5f9ec01 elementor-align-center elementor-widget elementor-widget-button\" data-id=\"5f9ec01\" data-element_type=\"widget\" data-e-type=\"widget\" data-widget_type=\"button.default\">\n\t\t\t\t<div class=\"elementor-widget-container\">\n\t\t\t\t\t\t\t\t\t<div class=\"elementor-button-wrapper\">\n\t\t\t\t\t<a class=\"elementor-button elementor-button-link elementor-size-sm\" href=\"#englisch\">\n\t\t\t\t\t\t<span class=\"elementor-button-content-wrapper\">\n\t\t\t\t\t\t\t\t\t<span class=\"elementor-button-text\">English<\/span>\n\t\t\t\t\t<\/span>\n\t\t\t\t\t<\/a>\n\t\t\t\t<\/div>\n\t\t\t\t\t\t\t\t<\/div>\n\t\t\t\t<\/div>\n\t\t\t\t<\/div>\n\t\t\t\t<\/div>\n\t\t\t\t\t<\/div>\n\t\t\t\t<\/div>\n\t\t<div class=\"elementor-element elementor-element-8570119 e-flex e-con-boxed e-con e-parent\" data-id=\"8570119\" data-element_type=\"container\" data-e-type=\"container\" data-settings=\"{&quot;background_background&quot;:&quot;classic&quot;}\">\n\t\t\t\t\t<div class=\"e-con-inner\">\n\t\t<div class=\"elementor-element elementor-element-b33ed5b e-con-full e-flex e-con e-child\" data-id=\"b33ed5b\" data-element_type=\"container\" data-e-type=\"container\">\n\t\t<div class=\"elementor-element elementor-element-62bca0a e-con-full e-flex e-con e-child\" data-id=\"62bca0a\" data-element_type=\"container\" data-e-type=\"container\">\n\t\t\t\t<div class=\"elementor-element elementor-element-fccb7f6 elementor-hidden-desktop elementor-hidden-tablet elementor-widget elementor-widget-menu-anchor\" data-id=\"fccb7f6\" data-element_type=\"widget\" data-e-type=\"widget\" data-widget_type=\"menu-anchor.default\">\n\t\t\t\t<div class=\"elementor-widget-container\">\n\t\t\t\t\t\t\t<div class=\"elementor-menu-anchor\" id=\"deutsch\"><\/div>\n\t\t\t\t\t\t<\/div>\n\t\t\t\t<\/div>\n\t\t\t\t<div class=\"elementor-element elementor-element-0777b9a elementor-hidden-mobile elementor-widget elementor-widget-heading\" data-id=\"0777b9a\" data-element_type=\"widget\" data-e-type=\"widget\" data-widget_type=\"heading.default\">\n\t\t\t\t<div class=\"elementor-widget-container\">\n\t\t\t\t\t<h2 class=\"elementor-heading-title elementor-size-default\">German<\/h2>\t\t\t\t<\/div>\n\t\t\t\t<\/div>\n\t\t\t\t<div class=\"elementor-element elementor-element-f72abf2 elementor-widget elementor-widget-image\" data-id=\"f72abf2\" data-element_type=\"widget\" data-e-type=\"widget\" data-widget_type=\"image.default\">\n\t\t\t\t<div class=\"elementor-widget-container\">\n\t\t\t\t\t\t\t\t\t\t\t\t\t\t\t\t<a href=\"https:\/\/www.youtube.com\/watch?v=9kZ6JvL4FgI\" target=\"_blank\">\n\t\t\t\t\t\t\t<img fetchpriority=\"high\" decoding=\"async\" width=\"1024\" height=\"576\" src=\"https:\/\/institute-of-remote-perception.com\/wp-content\/uploads\/2025\/12\/Crime_RV-1024x576.jpeg\" class=\"attachment-large size-large wp-image-650\" alt=\"Interview_Crime_RV\" srcset=\"https:\/\/institute-of-remote-perception.com\/wp-content\/uploads\/2025\/12\/Crime_RV-1024x576.jpeg 1024w, https:\/\/institute-of-remote-perception.com\/wp-content\/uploads\/2025\/12\/Crime_RV-300x169.jpeg 300w, https:\/\/institute-of-remote-perception.com\/wp-content\/uploads\/2025\/12\/Crime_RV-768x432.jpeg 768w, https:\/\/institute-of-remote-perception.com\/wp-content\/uploads\/2025\/12\/Crime_RV-18x10.jpeg 18w, https:\/\/institute-of-remote-perception.com\/wp-content\/uploads\/2025\/12\/Crime_RV-800x450.jpeg 800w, https:\/\/institute-of-remote-perception.com\/wp-content\/uploads\/2025\/12\/Crime_RV.jpeg 1280w\" sizes=\"(max-width: 1024px) 100vw, 1024px\" \/>\t\t\t\t\t\t\t\t<\/a>\n\t\t\t\t\t\t\t\t\t\t\t\t\t\t\t<\/div>\n\t\t\t\t<\/div>\n\t\t\t\t<div class=\"elementor-element elementor-element-f76ea36 elementor-widget elementor-widget-text-editor\" data-id=\"f76ea36\" data-element_type=\"widget\" data-e-type=\"widget\" data-widget_type=\"text-editor.default\">\n\t\t\t\t<div class=\"elementor-widget-container\">\n\t\t\t\t\t\t\t\t\t<p>Crime RV &#8211; im Interview mit Dr. Susan Betzner und Stefan Bosselmann. Wir r\u00e4umen mit falschen Vorstellungen auf, zeigen wie die Anwendung funktioniert und nennen Beispiele aus der t\u00e4glichen Praxis als Detektiv.<\/p>\t\t\t\t\t\t\t\t<\/div>\n\t\t\t\t<\/div>\n\t\t\t\t<div class=\"elementor-element elementor-element-172efe8 elementor-hidden-mobile elementor-widget elementor-widget-spacer\" data-id=\"172efe8\" data-element_type=\"widget\" data-e-type=\"widget\" data-widget_type=\"spacer.default\">\n\t\t\t\t<div class=\"elementor-widget-container\">\n\t\t\t\t\t\t\t<div class=\"elementor-spacer\">\n\t\t\t<div class=\"elementor-spacer-inner\"><\/div>\n\t\t<\/div>\n\t\t\t\t\t\t<\/div>\n\t\t\t\t<\/div>\n\t\t\t\t<div class=\"elementor-element elementor-element-fde0f1c elementor-widget elementor-widget-image\" data-id=\"fde0f1c\" data-element_type=\"widget\" data-e-type=\"widget\" data-widget_type=\"image.default\">\n\t\t\t\t<div class=\"elementor-widget-container\">\n\t\t\t\t\t\t\t\t\t\t\t\t\t\t\t\t<a href=\"https:\/\/www.youtube.com\/watch?v=qScMwhknvi4&#038;t=8s\" target=\"_blank\">\n\t\t\t\t\t\t\t<img decoding=\"async\" width=\"1024\" height=\"576\" src=\"https:\/\/institute-of-remote-perception.com\/wp-content\/uploads\/2025\/10\/YouTube_Gunther_Rattay-1024x576.jpg\" class=\"attachment-large size-large wp-image-611\" alt=\"Interview Gunther Rattay_IRP\" srcset=\"https:\/\/institute-of-remote-perception.com\/wp-content\/uploads\/2025\/10\/YouTube_Gunther_Rattay-1024x576.jpg 1024w, https:\/\/institute-of-remote-perception.com\/wp-content\/uploads\/2025\/10\/YouTube_Gunther_Rattay-300x169.jpg 300w, https:\/\/institute-of-remote-perception.com\/wp-content\/uploads\/2025\/10\/YouTube_Gunther_Rattay-768x432.jpg 768w, https:\/\/institute-of-remote-perception.com\/wp-content\/uploads\/2025\/10\/YouTube_Gunther_Rattay-18x10.jpg 18w, https:\/\/institute-of-remote-perception.com\/wp-content\/uploads\/2025\/10\/YouTube_Gunther_Rattay-800x450.jpg 800w, https:\/\/institute-of-remote-perception.com\/wp-content\/uploads\/2025\/10\/YouTube_Gunther_Rattay.jpg 1280w\" sizes=\"(max-width: 1024px) 100vw, 1024px\" \/>\t\t\t\t\t\t\t\t<\/a>\n\t\t\t\t\t\t\t\t\t\t\t\t\t\t\t<\/div>\n\t\t\t\t<\/div>\n\t\t\t\t<div class=\"elementor-element elementor-element-70beff0 elementor-widget elementor-widget-text-editor\" data-id=\"70beff0\" data-element_type=\"widget\" data-e-type=\"widget\" data-widget_type=\"text-editor.default\">\n\t\t\t\t<div class=\"elementor-widget-container\">\n\t\t\t\t\t\t\t\t\t<p>Gunther Rattay im Interview bei Alexander Fiddike. Dem Gr\u00fcnder des Institute of Remote Perception. Gunther ist einer der Pioniere des Remote Viewing im DACH Raum und brachte das TRV 1996 nach Deutschland. Seid gespannt.<\/p>\t\t\t\t\t\t\t\t<\/div>\n\t\t\t\t<\/div>\n\t\t\t\t<\/div>\n\t\t<div class=\"elementor-element elementor-element-645ff5c e-con-full e-flex e-con e-child\" data-id=\"645ff5c\" data-element_type=\"container\" data-e-type=\"container\">\n\t\t\t\t<div class=\"elementor-element elementor-element-3000e24 elementor-hidden-desktop elementor-hidden-tablet elementor-widget elementor-widget-menu-anchor\" data-id=\"3000e24\" data-element_type=\"widget\" data-e-type=\"widget\" data-widget_type=\"menu-anchor.default\">\n\t\t\t\t<div class=\"elementor-widget-container\">\n\t\t\t\t\t\t\t<div class=\"elementor-menu-anchor\" id=\"englisch\"><\/div>\n\t\t\t\t\t\t<\/div>\n\t\t\t\t<\/div>\n\t\t\t\t<div class=\"elementor-element elementor-element-76a21e4 elementor-hidden-mobile elementor-widget elementor-widget-heading\" data-id=\"76a21e4\" data-element_type=\"widget\" data-e-type=\"widget\" data-widget_type=\"heading.default\">\n\t\t\t\t<div class=\"elementor-widget-container\">\n\t\t\t\t\t<h2 class=\"elementor-heading-title elementor-size-default\">English<\/h2>\t\t\t\t<\/div>\n\t\t\t\t<\/div>\n\t\t\t\t<div class=\"elementor-element elementor-element-9a4c8db elementor-widget elementor-widget-image\" data-id=\"9a4c8db\" data-element_type=\"widget\" data-e-type=\"widget\" data-widget_type=\"image.default\">\n\t\t\t\t<div class=\"elementor-widget-container\">\n\t\t\t\t\t\t\t\t\t\t\t\t\t\t\t\t<a href=\"https:\/\/www.youtube.com\/watch?v=qr0HsARJqH0\" target=\"_blank\">\n\t\t\t\t\t\t\t<img decoding=\"async\" width=\"1024\" height=\"576\" src=\"https:\/\/institute-of-remote-perception.com\/wp-content\/uploads\/2025\/12\/PSI_Games-1024x576.jpeg\" class=\"attachment-large size-large wp-image-653\" alt=\"Interview_PSI_Games\" srcset=\"https:\/\/institute-of-remote-perception.com\/wp-content\/uploads\/2025\/12\/PSI_Games-1024x576.jpeg 1024w, https:\/\/institute-of-remote-perception.com\/wp-content\/uploads\/2025\/12\/PSI_Games-300x169.jpeg 300w, https:\/\/institute-of-remote-perception.com\/wp-content\/uploads\/2025\/12\/PSI_Games-768x432.jpeg 768w, https:\/\/institute-of-remote-perception.com\/wp-content\/uploads\/2025\/12\/PSI_Games-18x10.jpeg 18w, https:\/\/institute-of-remote-perception.com\/wp-content\/uploads\/2025\/12\/PSI_Games-800x450.jpeg 800w, https:\/\/institute-of-remote-perception.com\/wp-content\/uploads\/2025\/12\/PSI_Games.jpeg 1280w\" sizes=\"(max-width: 1024px) 100vw, 1024px\" \/>\t\t\t\t\t\t\t\t<\/a>\n\t\t\t\t\t\t\t\t\t\t\t\t\t\t\t<\/div>\n\t\t\t\t<\/div>\n\t\t\t\t<div class=\"elementor-element elementor-element-e5f5d29 elementor-widget elementor-widget-text-editor\" data-id=\"e5f5d29\" data-element_type=\"widget\" data-e-type=\"widget\" data-widget_type=\"text-editor.default\">\n\t\t\t\t<div class=\"elementor-widget-container\">\n\t\t\t\t\t\t\t\t\t<p>I am interviewing Hakim Isler, founder of PSI Games. PSI Games offers a new way to train, test, and develop your own PSI abilities.<br \/><br \/><\/p>\t\t\t\t\t\t\t\t<\/div>\n\t\t\t\t<\/div>\n\t\t\t\t<div class=\"elementor-element elementor-element-235f926 elementor-hidden-mobile elementor-widget elementor-widget-spacer\" data-id=\"235f926\" data-element_type=\"widget\" data-e-type=\"widget\" data-widget_type=\"spacer.default\">\n\t\t\t\t<div class=\"elementor-widget-container\">\n\t\t\t\t\t\t\t<div class=\"elementor-spacer\">\n\t\t\t<div class=\"elementor-spacer-inner\"><\/div>\n\t\t<\/div>\n\t\t\t\t\t\t<\/div>\n\t\t\t\t<\/div>\n\t\t\t\t<div class=\"elementor-element elementor-element-205e2bd elementor-widget elementor-widget-image\" data-id=\"205e2bd\" data-element_type=\"widget\" data-e-type=\"widget\" data-widget_type=\"image.default\">\n\t\t\t\t<div class=\"elementor-widget-container\">\n\t\t\t\t\t\t\t\t\t\t\t\t\t\t\t\t<a href=\"https:\/\/youtu.be\/PCu8jDpeGgQ?si=bt0Gkrtx-sQCtSH8%20\" target=\"_blank\">\n\t\t\t\t\t\t\t<img loading=\"lazy\" decoding=\"async\" width=\"1024\" height=\"576\" src=\"https:\/\/institute-of-remote-perception.com\/wp-content\/uploads\/2025\/10\/YouTube_Mandy_Paul-1024x576.jpg\" class=\"attachment-large size-large wp-image-644\" alt=\"Interview Mandy_Paul_IRP\" srcset=\"https:\/\/institute-of-remote-perception.com\/wp-content\/uploads\/2025\/10\/YouTube_Mandy_Paul-1024x576.jpg 1024w, https:\/\/institute-of-remote-perception.com\/wp-content\/uploads\/2025\/10\/YouTube_Mandy_Paul-300x169.jpg 300w, https:\/\/institute-of-remote-perception.com\/wp-content\/uploads\/2025\/10\/YouTube_Mandy_Paul-768x432.jpg 768w, https:\/\/institute-of-remote-perception.com\/wp-content\/uploads\/2025\/10\/YouTube_Mandy_Paul-18x10.jpg 18w, https:\/\/institute-of-remote-perception.com\/wp-content\/uploads\/2025\/10\/YouTube_Mandy_Paul-800x450.jpg 800w, https:\/\/institute-of-remote-perception.com\/wp-content\/uploads\/2025\/10\/YouTube_Mandy_Paul.jpg 1280w\" sizes=\"(max-width: 1024px) 100vw, 1024px\" \/>\t\t\t\t\t\t\t\t<\/a>\n\t\t\t\t\t\t\t\t\t\t\t\t\t\t\t<\/div>\n\t\t\t\t<\/div>\n\t\t\t\t<div class=\"elementor-element elementor-element-d1fb2e7 elementor-widget elementor-widget-text-editor\" data-id=\"d1fb2e7\" data-element_type=\"widget\" data-e-type=\"widget\" data-widget_type=\"text-editor.default\">\n\t\t\t\t<div class=\"elementor-widget-container\">\n\t\t\t\t\t\t\t\t\t<p>I am delighted to welcome Mandy Paul, \u201cThe Healing Medium\u201d from England, to this interview. She will answer our questions about what a medium is, how you can become one yourself, and other questions about extrasensory perception. Stay tuned, like and subscribe.<\/p>\t\t\t\t\t\t\t\t<\/div>\n\t\t\t\t<\/div>\n\t\t\t\t<\/div>\n\t\t\t\t<\/div>\n\t\t\t\t\t<\/div>\n\t\t\t\t<\/div>\n\t\t<div class=\"elementor-element elementor-element-79cd01ba e-flex e-con-boxed e-con e-parent\" data-id=\"79cd01ba\" data-element_type=\"container\" data-e-type=\"container\" data-settings=\"{&quot;background_background&quot;:&quot;classic&quot;}\">\n\t\t\t\t\t<div class=\"e-con-inner\">\n\t\t<div class=\"elementor-element elementor-element-186f43c6 e-con-full e-flex e-con e-child\" data-id=\"186f43c6\" data-element_type=\"container\" data-e-type=\"container\">\n\t\t\t\t<div class=\"elementor-element elementor-element-7105c976 elementor-widget elementor-widget-spacer\" data-id=\"7105c976\" data-element_type=\"widget\" data-e-type=\"widget\" data-widget_type=\"spacer.default\">\n\t\t\t\t<div class=\"elementor-widget-container\">\n\t\t\t\t\t\t\t<div class=\"elementor-spacer\">\n\t\t\t<div class=\"elementor-spacer-inner\"><\/div>\n\t\t<\/div>\n\t\t\t\t\t\t<\/div>\n\t\t\t\t<\/div>\n\t\t\t\t<\/div>\n\t\t\t\t\t<\/div>\n\t\t\t\t<\/div>\n\t\t\t\t<\/div>","protected":false},"excerpt":{"rendered":"<p>Deutsch Englisch Deutsch Crime RV &#8211; im Interview mit Dr. Susan Betzner und Stefan Bosselmann. Wir r\u00e4umen mit falschen Vorstellungen auf, zeigen wie die Anwendung funktioniert und nennen Beispiele aus der t\u00e4glichen Praxis als Detektiv. Gunther Rattay im Interview bei Alexander Fiddike. Dem Gr\u00fcnder des Institute of Remote Perception. Gunther ist einer der Pioniere des [&hellip;]<\/p>\n","protected":false},"author":1,"featured_media":0,"parent":0,"menu_order":0,"comment_status":"closed","ping_status":"closed","template":"","meta":{"ocean_post_layout":"full-screen","ocean_both_sidebars_style":"","ocean_both_sidebars_content_width":0,"ocean_both_sidebars_sidebars_width":0,"ocean_sidebar":"","ocean_second_sidebar":"","ocean_disable_margins":"enable","ocean_add_body_class":"","ocean_shortcode_before_top_bar":"","ocean_shortcode_after_top_bar":"","ocean_shortcode_before_header":"","ocean_shortcode_after_header":"","ocean_has_shortcode":"","ocean_shortcode_after_title":"","ocean_shortcode_before_footer_widgets":"","ocean_shortcode_after_footer_widgets":"","ocean_shortcode_before_footer_bottom":"","ocean_shortcode_after_footer_bottom":"","ocean_display_top_bar":"off","ocean_display_header":"default","ocean_header_style":"","ocean_center_header_left_menu":"","ocean_custom_header_template":"","ocean_custom_logo":0,"ocean_custom_retina_logo":0,"ocean_custom_logo_max_width":0,"ocean_custom_logo_tablet_max_width":0,"ocean_custom_logo_mobile_max_width":0,"ocean_custom_logo_max_height":0,"ocean_custom_logo_tablet_max_height":0,"ocean_custom_logo_mobile_max_height":0,"ocean_header_custom_menu":"","ocean_menu_typo_font_family":"","ocean_menu_typo_font_subset":"","ocean_menu_typo_font_size":0,"ocean_menu_typo_font_size_tablet":0,"ocean_menu_typo_font_size_mobile":0,"ocean_menu_typo_font_size_unit":"px","ocean_menu_typo_font_weight":"","ocean_menu_typo_font_weight_tablet":"","ocean_menu_typo_font_weight_mobile":"","ocean_menu_typo_transform":"","ocean_menu_typo_transform_tablet":"","ocean_menu_typo_transform_mobile":"","ocean_menu_typo_line_height":0,"ocean_menu_typo_line_height_tablet":0,"ocean_menu_typo_line_height_mobile":0,"ocean_menu_typo_line_height_unit":"","ocean_menu_typo_spacing":0,"ocean_menu_typo_spacing_tablet":0,"ocean_menu_typo_spacing_mobile":0,"ocean_menu_typo_spacing_unit":"","ocean_menu_link_color":"","ocean_menu_link_color_hover":"","ocean_menu_link_color_active":"","ocean_menu_link_background":"","ocean_menu_link_hover_background":"","ocean_menu_link_active_background":"","ocean_menu_social_links_bg":"","ocean_menu_social_hover_links_bg":"","ocean_menu_social_links_color":"","ocean_menu_social_hover_links_color":"","ocean_disable_title":"on","ocean_disable_heading":"default","ocean_post_title":"","ocean_post_subheading":"","ocean_post_title_style":"","ocean_post_title_background_color":"","ocean_post_title_background":0,"ocean_post_title_bg_image_position":"","ocean_post_title_bg_image_attachment":"","ocean_post_title_bg_image_repeat":"","ocean_post_title_bg_image_size":"","ocean_post_title_height":0,"ocean_post_title_bg_overlay":0.5,"ocean_post_title_bg_overlay_color":"","ocean_disable_breadcrumbs":"default","ocean_breadcrumbs_color":"","ocean_breadcrumbs_separator_color":"","ocean_breadcrumbs_links_color":"","ocean_breadcrumbs_links_hover_color":"","ocean_display_footer_widgets":"off","ocean_display_footer_bottom":"off","ocean_custom_footer_template":"","footnotes":""},"class_list":["post-607","page","type-page","status-publish","hentry","entry"],"_links":{"self":[{"href":"https:\/\/institute-of-remote-perception.com\/en\/wp-json\/wp\/v2\/pages\/607","targetHints":{"allow":["GET"]}}],"collection":[{"href":"https:\/\/institute-of-remote-perception.com\/en\/wp-json\/wp\/v2\/pages"}],"about":[{"href":"https:\/\/institute-of-remote-perception.com\/en\/wp-json\/wp\/v2\/types\/page"}],"author":[{"embeddable":true,"href":"https:\/\/institute-of-remote-perception.com\/en\/wp-json\/wp\/v2\/users\/1"}],"replies":[{"embeddable":true,"href":"https:\/\/institute-of-remote-perception.com\/en\/wp-json\/wp\/v2\/comments?post=607"}],"version-history":[{"count":10,"href":"https:\/\/institute-of-remote-perception.com\/en\/wp-json\/wp\/v2\/pages\/607\/revisions"}],"predecessor-version":[{"id":828,"href":"https:\/\/institute-of-remote-perception.com\/en\/wp-json\/wp\/v2\/pages\/607\/revisions\/828"}],"wp:attachment":[{"href":"https:\/\/institute-of-remote-perception.com\/en\/wp-json\/wp\/v2\/media?parent=607"}],"curies":[{"name":"wp","href":"https:\/\/api.w.org\/{rel}","templated":true}]}}